{"id":28,"date":"2020-11-02T10:12:29","date_gmt":"2020-11-02T09:12:29","guid":{"rendered":"http:\/\/montazokien.eu\/?p=28"},"modified":"2025-12-21T22:46:26","modified_gmt":"2025-12-21T21:46:26","slug":"beanie","status":"publish","type":"product","link":"http:\/\/montazokien.eu\/?product=beanie","title":{"rendered":"Silikon pogodowy 791"},"content":{"rendered":"<p><strong>SZCZELIWO SILIKONOWE NEUTRALNE POGODOODPORNE,\u00a0<\/strong>specjalistyczne jednosk\u0142adnikowe szczeliwo o niskim module spr\u0119\u017cysto\u015bci, opracowane do zabezpiecze\u0144 przed wp\u0142ywami atmosferycznymi fasad szklonych strukturalnie. Stosowane do og\u00f3lnego szklenia i uszczelniania \u015bcian os\u0142onowych, w systemach mocowania punktowego oraz fasad budynk\u00f3w wykonanych ze szk\u0142a i aluminium, ceg\u0142y, kamienia i tradycyjnych materia\u0142\u00f3w budowlanych.<\/p>\n","protected":false},"excerpt":{"rendered":"<p>SZCZELIWO SILIKONOWE NEUTRALNE POGODOODPORNE,\u00a0specjalistyczne jednosk\u0142adnikowe szczeliwo o niskim module spr\u0119\u017cysto\u015bci, opracowane do zabezpiecze\u0144 przed wp\u0142ywami atmosferycznymi fasad szklonych strukturalnie. Stosowane do og\u00f3lnego szklenia i uszczelniania \u015bcian os\u0142onowych, w systemach mocowania punktowego oraz fasad budynk\u00f3w wykonanych ze szk\u0142a i aluminium, ceg\u0142y, kamienia i tradycyjnych materia\u0142\u00f3w budowlanych.<\/p>\n","protected":false},"featured_media":57,"comment_status":"open","ping_status":"closed","template":"","meta":{"spay_email":""},"_links":{"self":[{"href":"http:\/\/montazokien.eu\/index.php?rest_route=\/wp\/v2\/product\/28"}],"collection":[{"href":"http:\/\/montazokien.eu\/index.php?rest_route=\/wp\/v2\/product"}],"about":[{"href":"http:\/\/montazokien.eu\/index.php?rest_route=\/wp\/v2\/types\/product"}],"replies":[{"embeddable":true,"href":"http:\/\/montazokien.eu\/index.php?rest_route=%2Fwp%2Fv2%2Fcomments&post=28"}],"version-history":[{"count":1,"href":"http:\/\/montazokien.eu\/index.php?rest_route=\/wp\/v2\/product\/28\/revisions"}],"predecessor-version":[{"id":56,"href":"http:\/\/montazokien.eu\/index.php?rest_route=\/wp\/v2\/product\/28\/revisions\/56"}],"wp:featuredmedia":[{"embeddable":true,"href":"http:\/\/montazokien.eu\/index.php?rest_route=\/wp\/v2\/media\/57"}],"wp:attachment":[{"href":"http:\/\/montazokien.eu\/index.php?rest_route=%2Fwp%2Fv2%2Fmedia&parent=28"}],"curies":[{"name":"wp","href":"https:\/\/api.w.org\/{rel}","templated":true}]}}